{"id":2978,"date":"2017-10-09T07:56:19","date_gmt":"2017-10-09T07:56:19","guid":{"rendered":"https:\/\/www.kallweit.de\/tech\/?page_id=2978"},"modified":"2018-02-14T09:26:53","modified_gmt":"2018-02-14T09:26:53","slug":"produkte","status":"publish","type":"page","link":"https:\/\/www.kallweit.de\/tech\/produkte\/","title":{"rendered":"Produkte"},"content":{"rendered":"","protected":false},"excerpt":{"rendered":"","protected":false},"author":1,"featured_media":0,"parent":0,"menu_order":0,"comment_status":"closed","ping_status":"closed","template":"","meta":[],"yoast_head":"<!-- This site is optimized with the Yoast SEO plugin v19.9 - https:\/\/yoast.com\/wordpress\/plugins\/seo\/ -->\n<title>Produkte - Kallweit Trockentauchanz\u00fcge<\/title>\n<meta name=\"robots\" content=\"index, follow, max-snippet:-1, max-image-preview:large, max-video-preview:-1\" \/>\n<link rel=\"canonical\" href=\"https:\/\/www.kallweit.de\/tech\/produkte\/\" \/>\n<meta property=\"og:locale\" content=\"de_DE\" \/>\n<meta property=\"og:type\" content=\"article\" \/>\n<meta property=\"og:title\" content=\"Produkte - Kallweit Trockentauchanz\u00fcge\" \/>\n<meta property=\"og:url\" content=\"https:\/\/www.kallweit.de\/tech\/produkte\/\" \/>\n<meta property=\"og:site_name\" content=\"Kallweit Trockentauchanz\u00fcge\" \/>\n<meta property=\"article:modified_time\" content=\"2018-02-14T09:26:53+00:00\" \/>\n<meta name=\"twitter:card\" content=\"summary_large_image\" \/>\n<script type=\"application\/ld+json\" class=\"yoast-schema-graph\">{\"@context\":\"https:\/\/schema.org\",\"@graph\":[{\"@type\":\"WebPage\",\"@id\":\"https:\/\/www.kallweit.de\/tech\/produkte\/\",\"url\":\"https:\/\/www.kallweit.de\/tech\/produkte\/\",\"name\":\"Produkte - Kallweit Trockentauchanz\u00fcge\",\"isPartOf\":{\"@id\":\"https:\/\/www.kallweit.de\/tech\/#website\"},\"datePublished\":\"2017-10-09T07:56:19+00:00\",\"dateModified\":\"2018-02-14T09:26:53+00:00\",\"breadcrumb\":{\"@id\":\"https:\/\/www.kallweit.de\/tech\/produkte\/#breadcrumb\"},\"inLanguage\":\"de\",\"potentialAction\":[{\"@type\":\"ReadAction\",\"target\":[\"https:\/\/www.kallweit.de\/tech\/produkte\/\"]}]},{\"@type\":\"BreadcrumbList\",\"@id\":\"https:\/\/www.kallweit.de\/tech\/produkte\/#breadcrumb\",\"itemListElement\":[{\"@type\":\"ListItem\",\"position\":1,\"name\":\"Startseite\",\"item\":\"https:\/\/www.kallweit.de\/tech\/\"},{\"@type\":\"ListItem\",\"position\":2,\"name\":\"Produkte\"}]},{\"@type\":\"WebSite\",\"@id\":\"https:\/\/www.kallweit.de\/tech\/#website\",\"url\":\"https:\/\/www.kallweit.de\/tech\/\",\"name\":\"Kallweit Trockentauchanz\u00fcge\",\"description\":\"Ma\u00dfgeschneiderte, Tech und Sport Trockentauchanz\u00fcge\",\"publisher\":{\"@id\":\"https:\/\/www.kallweit.de\/tech\/#organization\"},\"potentialAction\":[{\"@type\":\"SearchAction\",\"target\":{\"@type\":\"EntryPoint\",\"urlTemplate\":\"https:\/\/www.kallweit.de\/tech\/?s={search_term_string}\"},\"query-input\":\"required name=search_term_string\"}],\"inLanguage\":\"de\"},{\"@type\":\"Organization\",\"@id\":\"https:\/\/www.kallweit.de\/tech\/#organization\",\"name\":\"Kallweit GmbH\",\"url\":\"https:\/\/www.kallweit.de\/tech\/\",\"logo\":{\"@type\":\"ImageObject\",\"inLanguage\":\"de\",\"@id\":\"https:\/\/www.kallweit.de\/tech\/#\/schema\/logo\/image\/\",\"url\":\"https:\/\/www.kallweit.de\/tech\/wp-content\/uploads\/2019\/07\/Logo-Kallweit_2013.png\",\"contentUrl\":\"https:\/\/www.kallweit.de\/tech\/wp-content\/uploads\/2019\/07\/Logo-Kallweit_2013.png\",\"width\":800,\"height\":178,\"caption\":\"Kallweit GmbH\"},\"image\":{\"@id\":\"https:\/\/www.kallweit.de\/tech\/#\/schema\/logo\/image\/\"}}]}<\/script>\n<!-- \/ Yoast SEO plugin. -->","yoast_head_json":{"title":"Produkte - Kallweit Trockentauchanz\u00fcge","robots":{"index":"index","follow":"follow","max-snippet":"max-snippet:-1","max-image-preview":"max-image-preview:large","max-video-preview":"max-video-preview:-1"},"canonical":"https:\/\/www.kallweit.de\/tech\/produkte\/","og_locale":"de_DE","og_type":"article","og_title":"Produkte - Kallweit Trockentauchanz\u00fcge","og_url":"https:\/\/www.kallweit.de\/tech\/produkte\/","og_site_name":"Kallweit Trockentauchanz\u00fcge","article_modified_time":"2018-02-14T09:26:53+00:00","twitter_card":"summary_large_image","schema":{"@context":"https:\/\/schema.org","@graph":[{"@type":"WebPage","@id":"https:\/\/www.kallweit.de\/tech\/produkte\/","url":"https:\/\/www.kallweit.de\/tech\/produkte\/","name":"Produkte - Kallweit Trockentauchanz\u00fcge","isPartOf":{"@id":"https:\/\/www.kallweit.de\/tech\/#website"},"datePublished":"2017-10-09T07:56:19+00:00","dateModified":"2018-02-14T09:26:53+00:00","breadcrumb":{"@id":"https:\/\/www.kallweit.de\/tech\/produkte\/#breadcrumb"},"inLanguage":"de","potentialAction":[{"@type":"ReadAction","target":["https:\/\/www.kallweit.de\/tech\/produkte\/"]}]},{"@type":"BreadcrumbList","@id":"https:\/\/www.kallweit.de\/tech\/produkte\/#breadcrumb","itemListElement":[{"@type":"ListItem","position":1,"name":"Startseite","item":"https:\/\/www.kallweit.de\/tech\/"},{"@type":"ListItem","position":2,"name":"Produkte"}]},{"@type":"WebSite","@id":"https:\/\/www.kallweit.de\/tech\/#website","url":"https:\/\/www.kallweit.de\/tech\/","name":"Kallweit Trockentauchanz\u00fcge","description":"Ma\u00dfgeschneiderte, Tech und Sport Trockentauchanz\u00fcge","publisher":{"@id":"https:\/\/www.kallweit.de\/tech\/#organization"},"potentialAction":[{"@type":"SearchAction","target":{"@type":"EntryPoint","urlTemplate":"https:\/\/www.kallweit.de\/tech\/?s={search_term_string}"},"query-input":"required name=search_term_string"}],"inLanguage":"de"},{"@type":"Organization","@id":"https:\/\/www.kallweit.de\/tech\/#organization","name":"Kallweit GmbH","url":"https:\/\/www.kallweit.de\/tech\/","logo":{"@type":"ImageObject","inLanguage":"de","@id":"https:\/\/www.kallweit.de\/tech\/#\/schema\/logo\/image\/","url":"https:\/\/www.kallweit.de\/tech\/wp-content\/uploads\/2019\/07\/Logo-Kallweit_2013.png","contentUrl":"https:\/\/www.kallweit.de\/tech\/wp-content\/uploads\/2019\/07\/Logo-Kallweit_2013.png","width":800,"height":178,"caption":"Kallweit GmbH"},"image":{"@id":"https:\/\/www.kallweit.de\/tech\/#\/schema\/logo\/image\/"}}]}},"_links":{"self":[{"href":"https:\/\/www.kallweit.de\/tech\/wp-json\/wp\/v2\/pages\/2978"}],"collection":[{"href":"https:\/\/www.kallweit.de\/tech\/wp-json\/wp\/v2\/pages"}],"about":[{"href":"https:\/\/www.kallweit.de\/tech\/wp-json\/wp\/v2\/types\/page"}],"author":[{"embeddable":true,"href":"https:\/\/www.kallweit.de\/tech\/wp-json\/wp\/v2\/users\/1"}],"replies":[{"embeddable":true,"href":"https:\/\/www.kallweit.de\/tech\/wp-json\/wp\/v2\/comments?post=2978"}],"version-history":[{"count":1,"href":"https:\/\/www.kallweit.de\/tech\/wp-json\/wp\/v2\/pages\/2978\/revisions"}],"predecessor-version":[{"id":2980,"href":"https:\/\/www.kallweit.de\/tech\/wp-json\/wp\/v2\/pages\/2978\/revisions\/2980"}],"wp:attachment":[{"href":"https:\/\/www.kallweit.de\/tech\/wp-json\/wp\/v2\/media?parent=2978"}],"curies":[{"name":"wp","href":"https:\/\/api.w.org\/{rel}","templated":true}]}}