{"id":3926,"date":"2018-10-01T10:11:39","date_gmt":"2018-10-01T10:11:39","guid":{"rendered":"https:\/\/www.kallweit.de\/tech\/?page_id=3926"},"modified":"2018-10-01T10:57:40","modified_gmt":"2018-10-01T10:57:40","slug":"sitemap","status":"publish","type":"page","link":"https:\/\/www.kallweit.de\/tech\/sitemap\/","title":{"rendered":"Sitemap"},"content":{"rendered":"<p><section class=\"ffb-id-2gqa3qsb fg-section fg-text-dark\"><div class=\"fg-container container fg-container-large fg-container-lvl--1 \"><div class=\"fg-row row    \" ><div class=\"ffb-id-2gqa3qsc fg-col col-xs-12 col-md-4 fg-el-has-bg fg-temp-height fg-text-dark\" data-fg-force-min-height=\"{&quot;breakpoint_1&quot;:{&quot;height&quot;:&quot;&quot;,&quot;offset&quot;:&quot;&quot;},&quot;breakpoint_2&quot;:{&quot;height&quot;:&quot;&quot;,&quot;offset&quot;:&quot;&quot;},&quot;breakpoint_3&quot;:{&quot;height&quot;:&quot;&quot;,&quot;offset&quot;:&quot;&quot;},&quot;breakpoint_4&quot;:{&quot;height&quot;:&quot;&quot;,&quot;offset&quot;:&quot;&quot;}}\" ><span class=\"fg-bg\"><span data-fg-bg=\"{&quot;type&quot;:&quot;color&quot;,&quot;opacity&quot;:1,&quot;color&quot;:&quot;#f7f8fa&quot;}\" class=\"fg-bg-layer fg-bg-type-color \" style=\"opacity: 1; background-color: #f7f8fa;\"><\/span><span data-fg-bg=\"{&quot;type&quot;:&quot;gradient&quot;,&quot;gradient&quot;:&quot;&quot;,&quot;opacity&quot;:1}\" class=\"fg-bg-layer fg-bg-type-gradient \" style=\"opacity: 1; \"><\/span><span data-fg-bg=\"{&quot;type&quot;:&quot;image&quot;,&quot;opacity&quot;:1,&quot;url&quot;:&quot;&quot;,&quot;size&quot;:&quot;cover&quot;,&quot;repeat&quot;:&quot;no-repeat&quot;,&quot;attachment&quot;:&quot;scroll&quot;,&quot;position&quot;:&quot;center center&quot;}\" class=\"fg-bg-layer fg-bg-type-image \" style=\"opacity: 1; background-image: url(&quot;&quot;); background-repeat: no-repeat; background-attachment: scroll; background-position: center center; background-size: cover;\"><\/span><span data-fg-bg=\"{&quot;type&quot;:&quot;video&quot;,&quot;opacity&quot;:1,&quot;variant&quot;:&quot;youtube&quot;,&quot;url&quot;:&quot;&quot;,&quot;width&quot;:16,&quot;height&quot;:9,&quot;shield&quot;:&quot;on&quot;}\" class=\"fg-bg-layer fg-bg-type-video \" data-freshgrid=\"{&quot;type&quot;:&quot;video&quot;,&quot;opacity&quot;:1,&quot;variant&quot;:&quot;youtube&quot;,&quot;url&quot;:&quot;&quot;,&quot;width&quot;:16,&quot;height&quot;:9,&quot;shield&quot;:&quot;on&quot;}\"><\/span><span data-fg-bg=\"{&quot;type&quot;:&quot;slant&quot;,&quot;opacity&quot;:1,&quot;color&quot;:&quot;#ffffff&quot;,&quot;edge&quot;:&quot;top&quot;,&quot;direction&quot;:&quot;up&quot;,&quot;angle&quot;:15}\" class=\"fg-bg-layer fg-bg-type-slant \" style=\"opacity: 1\"><\/span><span data-fg-bg=\"{&quot;type&quot;:&quot;parallax&quot;,&quot;url&quot;:&quot;&quot;,&quot;opacity&quot;:1,&quot;width&quot;:&quot;&quot;,&quot;height&quot;:&quot;&quot;,&quot;speed&quot;:50,&quot;size&quot;:&quot;cover&quot;,&quot;offset_h&quot;:50,&quot;offset_v&quot;:50}\" class=\"fg-bg-layer fg-bg-type-parallax \" style=\"opacity: 1; background-image: url(&quot;&quot;);\"><\/span><\/span><section class=\"ffb-id-2gqa404l section-heading fg-text-dark\"><h2 class=\"fg-text-dark ffb-h2-1\">Our Amazing Work<\/h2><p class=\"fg-text-dark ffb-paragraph-2\">We build the real value<\/p><\/section><\/div><\/div><\/div><\/section><style>.ffb-id-2gqa3qsb{ padding-top: 40px;padding-bottom: 0px;}@media (min-width:992px) { .ffb-id-2gqa3qsb{ padding-top: 200px;padding-bottom: 0px;}}.ffb-id-2gqa3qsb{ text-align: center !important;}.ffb-id-2gqa3qsb ,.ffb-id-2gqa3qsb:before,.ffb-id-2gqa3qsb:after,.ffb-id-2gqa3qsb:hover,.ffb-id-2gqa3qsb:focus,.ffb-id-2gqa3qsb *,.ffb-id-2gqa3qsb *:before,.ffb-id-2gqa3qsb *:after,.ffb-id-2gqa3qsb *:hover,.ffb-id-2gqa3qsb *:focus{ text-align: center !important;}ffb-id-2gqa3qsc{ margin-top: ;margin-right: ;margin-bottom: ;margin-left: ;padding-top: ;padding-right: ;padding-bottom: ;padding-left: ;}@media (min-width:768px) { ffb-id-2gqa3qsc{ margin-top: ;margin-right: ;margin-bottom: ;margin-left: ;padding-top: ;padding-right: ;padding-bottom: ;padding-left: ;}}@media (min-width:992px) { ffb-id-2gqa3qsc{ margin-top: ;margin-right: ;margin-bottom: ;margin-left: ;padding-top: ;padding-right: ;padding-bottom: ;padding-left: ;}}@media (min-width:1200px) { ffb-id-2gqa3qsc{ margin-top: ;margin-right: ;margin-bottom: ;margin-left: ;padding-top: ;padding-right: ;padding-bottom: ;padding-left: ;}}ffb-id-2gqa3qsc{ border-all: 1px solid rgba(128,128,128,0.4) !important;}ffb-id-2gqa3qsc{ box-shadow: 0px 3px 5px 0px rgba(0,0,0,0.18);}ffb-id-2gqa3qsc{ border-radius:     !important;}{ border: 10px solid red !important;}<\/style><script type=\"text\/javascript\">(function($){\njQuery(document).ready(function($) { \n$('ffb-id-2gqa3qsc').css('background','red');\n});\n\n})(jQuery);\n<\/script><section class=\"ffb-id-2gqa1atd fg-section fg-text-dark\"><div class=\"fg-container container fg-container-large fg-container-lvl--1 \"><div class=\"fg-row row    \" ><div class=\"ffb-id-2gqa1ate fg-col col-xs-12 col-md-4 fg-el-has-bg fg-temp-height fg-text-dark\" data-fg-force-min-height=\"{&quot;breakpoint_1&quot;:{&quot;height&quot;:&quot;&quot;,&quot;offset&quot;:&quot;&quot;},&quot;breakpoint_2&quot;:{&quot;height&quot;:&quot;&quot;,&quot;offset&quot;:&quot;&quot;},&quot;breakpoint_3&quot;:{&quot;height&quot;:&quot;&quot;,&quot;offset&quot;:&quot;&quot;},&quot;breakpoint_4&quot;:{&quot;height&quot;:&quot;&quot;,&quot;offset&quot;:&quot;&quot;}}\" ><span class=\"fg-bg\"><span data-fg-bg=\"{&quot;type&quot;:&quot;color&quot;,&quot;opacity&quot;:1,&quot;color&quot;:&quot;#f7f8fa&quot;}\" class=\"fg-bg-layer fg-bg-type-color \" style=\"opacity: 1; background-color: #f7f8fa;\"><\/span><span data-fg-bg=\"{&quot;type&quot;:&quot;gradient&quot;,&quot;gradient&quot;:&quot;&quot;,&quot;opacity&quot;:1}\" class=\"fg-bg-layer fg-bg-type-gradient \" style=\"opacity: 1; \"><\/span><span data-fg-bg=\"{&quot;type&quot;:&quot;image&quot;,&quot;opacity&quot;:1,&quot;url&quot;:&quot;&quot;,&quot;size&quot;:&quot;cover&quot;,&quot;repeat&quot;:&quot;no-repeat&quot;,&quot;attachment&quot;:&quot;scroll&quot;,&quot;position&quot;:&quot;center center&quot;}\" class=\"fg-bg-layer fg-bg-type-image \" style=\"opacity: 1; background-image: url(&quot;&quot;); background-repeat: no-repeat; background-attachment: scroll; background-position: center center; background-size: cover;\"><\/span><span data-fg-bg=\"{&quot;type&quot;:&quot;video&quot;,&quot;opacity&quot;:1,&quot;variant&quot;:&quot;youtube&quot;,&quot;url&quot;:&quot;&quot;,&quot;width&quot;:16,&quot;height&quot;:9,&quot;shield&quot;:&quot;on&quot;}\" class=\"fg-bg-layer fg-bg-type-video \" data-freshgrid=\"{&quot;type&quot;:&quot;video&quot;,&quot;opacity&quot;:1,&quot;variant&quot;:&quot;youtube&quot;,&quot;url&quot;:&quot;&quot;,&quot;width&quot;:16,&quot;height&quot;:9,&quot;shield&quot;:&quot;on&quot;}\"><\/span><span data-fg-bg=\"{&quot;type&quot;:&quot;slant&quot;,&quot;opacity&quot;:1,&quot;color&quot;:&quot;#ffffff&quot;,&quot;edge&quot;:&quot;top&quot;,&quot;direction&quot;:&quot;up&quot;,&quot;angle&quot;:15}\" class=\"fg-bg-layer fg-bg-type-slant \" style=\"opacity: 1\"><\/span><span data-fg-bg=\"{&quot;type&quot;:&quot;parallax&quot;,&quot;url&quot;:&quot;&quot;,&quot;opacity&quot;:1,&quot;width&quot;:&quot;&quot;,&quot;height&quot;:&quot;&quot;,&quot;speed&quot;:50,&quot;size&quot;:&quot;cover&quot;,&quot;offset_h&quot;:50,&quot;offset_v&quot;:50}\" class=\"fg-bg-layer fg-bg-type-parallax \" style=\"opacity: 1; background-image: url(&quot;&quot;);\"><\/span><\/span><p class=\"ffb-id-2gqa1e0h fg-paragraph text-left    fg-text-dark\">Lorem ipsum dolor sit amet, consectetur adipiscing elit. Duis sed cursus sapien, vitae fringilla sem. Duis convallis vel nunc at laoreet.<\/p><\/div><div class=\"ffb-id-2gqacuqp fg-col col-xs-12 col-md-4 fg-el-has-bg fg-temp-height fg-text-dark\" data-fg-force-min-height=\"{&quot;breakpoint_1&quot;:{&quot;height&quot;:&quot;&quot;,&quot;offset&quot;:&quot;&quot;},&quot;breakpoint_2&quot;:{&quot;height&quot;:&quot;&quot;,&quot;offset&quot;:&quot;&quot;},&quot;breakpoint_3&quot;:{&quot;height&quot;:&quot;&quot;,&quot;offset&quot;:&quot;&quot;},&quot;breakpoint_4&quot;:{&quot;height&quot;:&quot;&quot;,&quot;offset&quot;:&quot;&quot;}}\" ><span class=\"fg-bg\"><span data-fg-bg=\"{&quot;type&quot;:&quot;color&quot;,&quot;opacity&quot;:1,&quot;color&quot;:&quot;#f7f8fa&quot;}\" class=\"fg-bg-layer fg-bg-type-color \" style=\"opacity: 1; background-color: #f7f8fa;\"><\/span><span data-fg-bg=\"{&quot;type&quot;:&quot;gradient&quot;,&quot;gradient&quot;:&quot;&quot;,&quot;opacity&quot;:1}\" class=\"fg-bg-layer fg-bg-type-gradient \" style=\"opacity: 1; \"><\/span><span data-fg-bg=\"{&quot;type&quot;:&quot;image&quot;,&quot;opacity&quot;:1,&quot;url&quot;:&quot;&quot;,&quot;size&quot;:&quot;cover&quot;,&quot;repeat&quot;:&quot;no-repeat&quot;,&quot;attachment&quot;:&quot;scroll&quot;,&quot;position&quot;:&quot;center center&quot;}\" class=\"fg-bg-layer fg-bg-type-image \" style=\"opacity: 1; background-image: url(&quot;&quot;); background-repeat: no-repeat; background-attachment: scroll; background-position: center center; background-size: cover;\"><\/span><span data-fg-bg=\"{&quot;type&quot;:&quot;video&quot;,&quot;opacity&quot;:1,&quot;variant&quot;:&quot;youtube&quot;,&quot;url&quot;:&quot;&quot;,&quot;width&quot;:16,&quot;height&quot;:9,&quot;shield&quot;:&quot;on&quot;}\" class=\"fg-bg-layer fg-bg-type-video \" data-freshgrid=\"{&quot;type&quot;:&quot;video&quot;,&quot;opacity&quot;:1,&quot;variant&quot;:&quot;youtube&quot;,&quot;url&quot;:&quot;&quot;,&quot;width&quot;:16,&quot;height&quot;:9,&quot;shield&quot;:&quot;on&quot;}\"><\/span><span data-fg-bg=\"{&quot;type&quot;:&quot;slant&quot;,&quot;opacity&quot;:1,&quot;color&quot;:&quot;#ffffff&quot;,&quot;edge&quot;:&quot;top&quot;,&quot;direction&quot;:&quot;up&quot;,&quot;angle&quot;:15}\" class=\"fg-bg-layer fg-bg-type-slant \" style=\"opacity: 1\"><\/span><span data-fg-bg=\"{&quot;type&quot;:&quot;parallax&quot;,&quot;url&quot;:&quot;&quot;,&quot;opacity&quot;:1,&quot;width&quot;:&quot;&quot;,&quot;height&quot;:&quot;&quot;,&quot;speed&quot;:50,&quot;size&quot;:&quot;cover&quot;,&quot;offset_h&quot;:50,&quot;offset_v&quot;:50}\" class=\"fg-bg-layer fg-bg-type-parallax \" style=\"opacity: 1; background-image: url(&quot;&quot;);\"><\/span><\/span><\/div><\/div><\/div><\/section><style>.ffb-id-2gqa3qsb{ \npadding-top: 40px;\npadding-bottom: 0px;\n\n}\n@media (min-width:992px) { \n.ffb-id-2gqa3qsb{ \npadding-top: 200px;\npadding-bottom: 0px;\n\n}\n}.ffb-id-2gqa3qsb{ \ntext-align: center !important;\n}\n.ffb-id-2gqa3qsb ,\n.ffb-id-2gqa3qsb:before,\n.ffb-id-2gqa3qsb:after,\n.ffb-id-2gqa3qsb:hover,\n.ffb-id-2gqa3qsb:focus,\n.ffb-id-2gqa3qsb *,\n.ffb-id-2gqa3qsb *:before,\n.ffb-id-2gqa3qsb *:after,\n.ffb-id-2gqa3qsb *:hover,\n.ffb-id-2gqa3qsb *:focus{ \ntext-align: center !important;\n}\nffb-id-2gqa3qsc{ \nmargin-top: ;\nmargin-right: ;\nmargin-bottom: ;\nmargin-left: ;\npadding-top: ;\npadding-right: ;\npadding-bottom: ;\npadding-left: ;\n\n}\n@media (min-width:768px) { \nffb-id-2gqa3qsc{ \nmargin-top: ;\nmargin-right: ;\nmargin-bottom: ;\nmargin-left: ;\npadding-top: ;\npadding-right: ;\npadding-bottom: ;\npadding-left: ;\n\n}\n}@media (min-width:992px) { \nffb-id-2gqa3qsc{ \nmargin-top: ;\nmargin-right: ;\nmargin-bottom: ;\nmargin-left: ;\npadding-top: ;\npadding-right: ;\npadding-bottom: ;\npadding-left: ;\n\n}\n}@media (min-width:1200px) { \nffb-id-2gqa3qsc{ \nmargin-top: ;\nmargin-right: ;\nmargin-bottom: ;\nmargin-left: ;\npadding-top: ;\npadding-right: ;\npadding-bottom: ;\npadding-left: ;\n\n}\n}ffb-id-2gqa3qsc{ \nborder-all: 1px solid rgba(128,128,128,0.4) !important;\n\n}\nffb-id-2gqa3qsc{ \nbox-shadow: 0px 3px 5px 0px rgba(0,0,0,0.18);\n\n}\nffb-id-2gqa3qsc{ \nborder-radius:     !important;\n}\n{ \nborder: 10px solid red !important;\n}\n.ffb-id-2gqa1atd{ padding-top: 0px;padding-bottom: 40px;}@media (min-width:992px) { .ffb-id-2gqa1atd{ padding-top: 0px;padding-bottom: 40px;}}ffb-id-2gqacuqp{ margin-top: ;margin-right: ;margin-bottom: ;margin-left: ;padding-top: ;padding-right: ;padding-bottom: ;padding-left: ;}@media (min-width:768px) { ffb-id-2gqacuqp{ margin-top: ;margin-right: ;margin-bottom: ;margin-left: ;padding-top: ;padding-right: ;padding-bottom: ;padding-left: ;}}@media (min-width:992px) { ffb-id-2gqacuqp{ margin-top: ;margin-right: ;margin-bottom: ;margin-left: ;padding-top: ;padding-right: ;padding-bottom: ;padding-left: ;}}@media (min-width:1200px) { ffb-id-2gqacuqp{ margin-top: ;margin-right: ;margin-bottom: ;margin-left: ;padding-top: ;padding-right: ;padding-bottom: ;padding-left: ;}}ffb-id-2gqacuqp{ border-all: 1px solid rgba(128,128,128,0.4) !important;}ffb-id-2gqacuqp{ box-shadow: 0px 3px 5px 0px rgba(0,0,0,0.18);}ffb-id-2gqacuqp{ border-radius:     !important;}{ border: 10px solid red !important;}ffb-id-2gqa1ate{ margin-top: ;margin-right: ;margin-bottom: ;margin-left: ;padding-top: ;padding-right: ;padding-bottom: ;padding-left: ;}@media (min-width:768px) { ffb-id-2gqa1ate{ margin-top: ;margin-right: ;margin-bottom: ;margin-left: ;padding-top: ;padding-right: ;padding-bottom: ;padding-left: ;}}@media (min-width:992px) { ffb-id-2gqa1ate{ margin-top: ;margin-right: ;margin-bottom: ;margin-left: ;padding-top: ;padding-right: ;padding-bottom: ;padding-left: ;}}@media (min-width:1200px) { ffb-id-2gqa1ate{ margin-top: ;margin-right: ;margin-bottom: ;margin-left: ;padding-top: ;padding-right: ;padding-bottom: ;padding-left: ;}}ffb-id-2gqa1ate{ border-all: 1px solid rgba(128,128,128,0.4) !important;}ffb-id-2gqa1ate{ box-shadow: 0px 3px 5px 0px rgba(0,0,0,0.18);}ffb-id-2gqa1ate{ border-radius:     !important;}{ border: 10px solid red !important;}<\/style><script type=\"text\/javascript\">(function($){\njQuery(document).ready(function($) { \n$('ffb-id-2gqa3qsc').css('background','red');\n});\n\n})(jQuery);\n(function($){\njQuery(document).ready(function($) { \n$('ffb-id-2gqacuqp').css('background','red');\n});\n\n})(jQuery);\n(function($){\njQuery(document).ready(function($) { \n$('ffb-id-2gqa1ate').css('background','red');\n});\n\n})(jQuery);\n<\/script><\/p>\n","protected":false},"excerpt":{"rendered":"","protected":false},"author":1,"featured_media":0,"parent":0,"menu_order":0,"comment_status":"closed","ping_status":"closed","template":"","meta":[],"yoast_head":"<!-- This site is optimized with the Yoast SEO plugin v19.9 - https:\/\/yoast.com\/wordpress\/plugins\/seo\/ -->\n<title>Sitemap - Kallweit Trockentauchanz\u00fcge<\/title>\n<meta name=\"robots\" content=\"index, follow, max-snippet:-1, max-image-preview:large, max-video-preview:-1\" \/>\n<link rel=\"canonical\" href=\"https:\/\/www.kallweit.de\/tech\/sitemap\/\" \/>\n<meta property=\"og:locale\" content=\"de_DE\" \/>\n<meta property=\"og:type\" content=\"article\" \/>\n<meta property=\"og:title\" content=\"Sitemap - Kallweit Trockentauchanz\u00fcge\" \/>\n<meta property=\"og:url\" content=\"https:\/\/www.kallweit.de\/tech\/sitemap\/\" \/>\n<meta property=\"og:site_name\" content=\"Kallweit Trockentauchanz\u00fcge\" \/>\n<meta property=\"article:modified_time\" content=\"2018-10-01T10:57:40+00:00\" \/>\n<meta name=\"twitter:card\" content=\"summary_large_image\" \/>\n<meta name=\"twitter:label1\" content=\"Gesch\u00e4tzte Lesezeit\" \/>\n\t<meta name=\"twitter:data1\" content=\"4\u00a0Minuten\" \/>\n<script type=\"application\/ld+json\" class=\"yoast-schema-graph\">{\"@context\":\"https:\/\/schema.org\",\"@graph\":[{\"@type\":\"WebPage\",\"@id\":\"https:\/\/www.kallweit.de\/tech\/sitemap\/\",\"url\":\"https:\/\/www.kallweit.de\/tech\/sitemap\/\",\"name\":\"Sitemap - Kallweit Trockentauchanz\u00fcge\",\"isPartOf\":{\"@id\":\"https:\/\/www.kallweit.de\/tech\/#website\"},\"datePublished\":\"2018-10-01T10:11:39+00:00\",\"dateModified\":\"2018-10-01T10:57:40+00:00\",\"breadcrumb\":{\"@id\":\"https:\/\/www.kallweit.de\/tech\/sitemap\/#breadcrumb\"},\"inLanguage\":\"de\",\"potentialAction\":[{\"@type\":\"ReadAction\",\"target\":[\"https:\/\/www.kallweit.de\/tech\/sitemap\/\"]}]},{\"@type\":\"BreadcrumbList\",\"@id\":\"https:\/\/www.kallweit.de\/tech\/sitemap\/#breadcrumb\",\"itemListElement\":[{\"@type\":\"ListItem\",\"position\":1,\"name\":\"Startseite\",\"item\":\"https:\/\/www.kallweit.de\/tech\/\"},{\"@type\":\"ListItem\",\"position\":2,\"name\":\"Sitemap\"}]},{\"@type\":\"WebSite\",\"@id\":\"https:\/\/www.kallweit.de\/tech\/#website\",\"url\":\"https:\/\/www.kallweit.de\/tech\/\",\"name\":\"Kallweit Trockentauchanz\u00fcge\",\"description\":\"Ma\u00dfgeschneiderte, Tech und Sport Trockentauchanz\u00fcge\",\"publisher\":{\"@id\":\"https:\/\/www.kallweit.de\/tech\/#organization\"},\"potentialAction\":[{\"@type\":\"SearchAction\",\"target\":{\"@type\":\"EntryPoint\",\"urlTemplate\":\"https:\/\/www.kallweit.de\/tech\/?s={search_term_string}\"},\"query-input\":\"required name=search_term_string\"}],\"inLanguage\":\"de\"},{\"@type\":\"Organization\",\"@id\":\"https:\/\/www.kallweit.de\/tech\/#organization\",\"name\":\"Kallweit GmbH\",\"url\":\"https:\/\/www.kallweit.de\/tech\/\",\"logo\":{\"@type\":\"ImageObject\",\"inLanguage\":\"de\",\"@id\":\"https:\/\/www.kallweit.de\/tech\/#\/schema\/logo\/image\/\",\"url\":\"https:\/\/www.kallweit.de\/tech\/wp-content\/uploads\/2019\/07\/Logo-Kallweit_2013.png\",\"contentUrl\":\"https:\/\/www.kallweit.de\/tech\/wp-content\/uploads\/2019\/07\/Logo-Kallweit_2013.png\",\"width\":800,\"height\":178,\"caption\":\"Kallweit GmbH\"},\"image\":{\"@id\":\"https:\/\/www.kallweit.de\/tech\/#\/schema\/logo\/image\/\"}}]}<\/script>\n<!-- \/ Yoast SEO plugin. -->","yoast_head_json":{"title":"Sitemap - Kallweit Trockentauchanz\u00fcge","robots":{"index":"index","follow":"follow","max-snippet":"max-snippet:-1","max-image-preview":"max-image-preview:large","max-video-preview":"max-video-preview:-1"},"canonical":"https:\/\/www.kallweit.de\/tech\/sitemap\/","og_locale":"de_DE","og_type":"article","og_title":"Sitemap - Kallweit Trockentauchanz\u00fcge","og_url":"https:\/\/www.kallweit.de\/tech\/sitemap\/","og_site_name":"Kallweit Trockentauchanz\u00fcge","article_modified_time":"2018-10-01T10:57:40+00:00","twitter_card":"summary_large_image","twitter_misc":{"Gesch\u00e4tzte Lesezeit":"4\u00a0Minuten"},"schema":{"@context":"https:\/\/schema.org","@graph":[{"@type":"WebPage","@id":"https:\/\/www.kallweit.de\/tech\/sitemap\/","url":"https:\/\/www.kallweit.de\/tech\/sitemap\/","name":"Sitemap - Kallweit Trockentauchanz\u00fcge","isPartOf":{"@id":"https:\/\/www.kallweit.de\/tech\/#website"},"datePublished":"2018-10-01T10:11:39+00:00","dateModified":"2018-10-01T10:57:40+00:00","breadcrumb":{"@id":"https:\/\/www.kallweit.de\/tech\/sitemap\/#breadcrumb"},"inLanguage":"de","potentialAction":[{"@type":"ReadAction","target":["https:\/\/www.kallweit.de\/tech\/sitemap\/"]}]},{"@type":"BreadcrumbList","@id":"https:\/\/www.kallweit.de\/tech\/sitemap\/#breadcrumb","itemListElement":[{"@type":"ListItem","position":1,"name":"Startseite","item":"https:\/\/www.kallweit.de\/tech\/"},{"@type":"ListItem","position":2,"name":"Sitemap"}]},{"@type":"WebSite","@id":"https:\/\/www.kallweit.de\/tech\/#website","url":"https:\/\/www.kallweit.de\/tech\/","name":"Kallweit Trockentauchanz\u00fcge","description":"Ma\u00dfgeschneiderte, Tech und Sport Trockentauchanz\u00fcge","publisher":{"@id":"https:\/\/www.kallweit.de\/tech\/#organization"},"potentialAction":[{"@type":"SearchAction","target":{"@type":"EntryPoint","urlTemplate":"https:\/\/www.kallweit.de\/tech\/?s={search_term_string}"},"query-input":"required name=search_term_string"}],"inLanguage":"de"},{"@type":"Organization","@id":"https:\/\/www.kallweit.de\/tech\/#organization","name":"Kallweit GmbH","url":"https:\/\/www.kallweit.de\/tech\/","logo":{"@type":"ImageObject","inLanguage":"de","@id":"https:\/\/www.kallweit.de\/tech\/#\/schema\/logo\/image\/","url":"https:\/\/www.kallweit.de\/tech\/wp-content\/uploads\/2019\/07\/Logo-Kallweit_2013.png","contentUrl":"https:\/\/www.kallweit.de\/tech\/wp-content\/uploads\/2019\/07\/Logo-Kallweit_2013.png","width":800,"height":178,"caption":"Kallweit GmbH"},"image":{"@id":"https:\/\/www.kallweit.de\/tech\/#\/schema\/logo\/image\/"}}]}},"_links":{"self":[{"href":"https:\/\/www.kallweit.de\/tech\/wp-json\/wp\/v2\/pages\/3926"}],"collection":[{"href":"https:\/\/www.kallweit.de\/tech\/wp-json\/wp\/v2\/pages"}],"about":[{"href":"https:\/\/www.kallweit.de\/tech\/wp-json\/wp\/v2\/types\/page"}],"author":[{"embeddable":true,"href":"https:\/\/www.kallweit.de\/tech\/wp-json\/wp\/v2\/users\/1"}],"replies":[{"embeddable":true,"href":"https:\/\/www.kallweit.de\/tech\/wp-json\/wp\/v2\/comments?post=3926"}],"version-history":[{"count":13,"href":"https:\/\/www.kallweit.de\/tech\/wp-json\/wp\/v2\/pages\/3926\/revisions"}],"predecessor-version":[{"id":3961,"href":"https:\/\/www.kallweit.de\/tech\/wp-json\/wp\/v2\/pages\/3926\/revisions\/3961"}],"wp:attachment":[{"href":"https:\/\/www.kallweit.de\/tech\/wp-json\/wp\/v2\/media?parent=3926"}],"curies":[{"name":"wp","href":"https:\/\/api.w.org\/{rel}","templated":true}]}}