{"id":4994,"date":"2019-03-23T21:57:34","date_gmt":"2019-03-23T21:57:34","guid":{"rendered":"https:\/\/www.kallweit.de\/tech\/impressionen\/"},"modified":"2019-11-18T12:42:13","modified_gmt":"2019-11-18T12:42:13","slug":"impressions","status":"publish","type":"page","link":"https:\/\/www.kallweit.de\/tech\/impressions\/?lang=en","title":{"rendered":"Impressions"},"content":{"rendered":"<p><style><\/style><script type=\"text\/javascript\"><\/script><section class=\"ffb-id-3i20op32 fg-section fg-el-has-bg fg-text-dark\"><span class=\"fg-bg\"><span data-fg-bg=\"{&quot;type&quot;:&quot;parallax&quot;,&quot;url&quot;:&quot;http:\\\/\\\/www.kallweit.de\\\/tech\\\/wp-content\\\/uploads\\\/2019\\\/11\\\/20180402_iceberg_uw_flash_00053_WEB.jpg&quot;,&quot;opacity&quot;:&quot;1&quot;,&quot;width&quot;:&quot;1000&quot;,&quot;height&quot;:&quot;668&quot;,&quot;speed&quot;:&quot;50&quot;,&quot;size&quot;:&quot;cover&quot;,&quot;offset_h&quot;:&quot;50&quot;,&quot;offset_v&quot;:&quot;50&quot;}\" class=\"fg-bg-layer fg-bg-type-parallax \" style=\"opacity: 1; background-image: url(&quot;http:\/\/www.kallweit.de\/tech\/wp-content\/uploads\/2019\/11\/20180402_iceberg_uw_flash_00053_WEB.jpg&quot;);\"><\/span><span data-fg-bg=\"{&quot;type&quot;:&quot;color&quot;,&quot;opacity&quot;:1,&quot;color&quot;:&quot;rgba(0, 0, 0, 0.62)&quot;}\" class=\"fg-bg-layer fg-bg-type-color \" style=\"opacity: 1; background-color: rgba(0, 0, 0, 0.62);\"><\/span><\/span><div class=\"fg-container container-fluid fg-container-fluid fg-container-lvl--1 \"><div class=\"fg-row row    \" ><div class=\"ffb-id-3i20op33 fg-col col-xs-12 col-md-4 fg-el-has-bg fg-temp-height fg-text-dark\" data-fg-force-min-height=\"{&quot;breakpoint_1&quot;:{&quot;height&quot;:&quot;&quot;,&quot;offset&quot;:&quot;&quot;},&quot;breakpoint_2&quot;:{&quot;height&quot;:&quot;&quot;,&quot;offset&quot;:&quot;&quot;},&quot;breakpoint_3&quot;:{&quot;height&quot;:&quot;&quot;,&quot;offset&quot;:&quot;&quot;},&quot;breakpoint_4&quot;:{&quot;height&quot;:&quot;&quot;,&quot;offset&quot;:&quot;&quot;}}\" ><span class=\"fg-bg\"><span data-fg-bg=\"{&quot;type&quot;:&quot;color&quot;,&quot;opacity&quot;:1,&quot;color&quot;:&quot;#f7f8fa&quot;}\" class=\"fg-bg-layer fg-bg-type-color \" style=\"opacity: 1; background-color: #f7f8fa;\"><\/span><span data-fg-bg=\"{&quot;type&quot;:&quot;gradient&quot;,&quot;gradient&quot;:&quot;&quot;,&quot;opacity&quot;:1}\" class=\"fg-bg-layer fg-bg-type-gradient \" style=\"opacity: 1; \"><\/span><span data-fg-bg=\"{&quot;type&quot;:&quot;image&quot;,&quot;opacity&quot;:1,&quot;url&quot;:&quot;&quot;,&quot;size&quot;:&quot;cover&quot;,&quot;repeat&quot;:&quot;no-repeat&quot;,&quot;attachment&quot;:&quot;scroll&quot;,&quot;position&quot;:&quot;center center&quot;}\" class=\"fg-bg-layer fg-bg-type-image \" style=\"opacity: 1; background-image: url(&quot;&quot;); background-repeat: no-repeat; background-attachment: scroll; background-position: center center; background-size: cover;\"><\/span><span data-fg-bg=\"{&quot;type&quot;:&quot;video&quot;,&quot;opacity&quot;:1,&quot;variant&quot;:&quot;youtube&quot;,&quot;url&quot;:&quot;&quot;,&quot;width&quot;:16,&quot;height&quot;:9,&quot;shield&quot;:&quot;on&quot;}\" class=\"fg-bg-layer fg-bg-type-video \" data-freshgrid=\"{&quot;type&quot;:&quot;video&quot;,&quot;opacity&quot;:1,&quot;variant&quot;:&quot;youtube&quot;,&quot;url&quot;:&quot;&quot;,&quot;width&quot;:16,&quot;height&quot;:9,&quot;shield&quot;:&quot;on&quot;}\"><\/span><span data-fg-bg=\"{&quot;type&quot;:&quot;slant&quot;,&quot;opacity&quot;:1,&quot;color&quot;:&quot;#ffffff&quot;,&quot;edge&quot;:&quot;top&quot;,&quot;direction&quot;:&quot;up&quot;,&quot;angle&quot;:15}\" class=\"fg-bg-layer fg-bg-type-slant \" style=\"opacity: 1\"><\/span><span data-fg-bg=\"{&quot;type&quot;:&quot;parallax&quot;,&quot;url&quot;:&quot;&quot;,&quot;opacity&quot;:1,&quot;width&quot;:&quot;&quot;,&quot;height&quot;:&quot;&quot;,&quot;speed&quot;:50,&quot;size&quot;:&quot;cover&quot;,&quot;offset_h&quot;:50,&quot;offset_v&quot;:50}\" class=\"fg-bg-layer fg-bg-type-parallax \" style=\"opacity: 1; background-image: url(&quot;&quot;);\"><\/span><\/span><section class=\"ffb-id-3i20op36 section-heading fg-text-dark\"><h2 class=\"fg-text-dark ffb-h2-1\">Our Amazing Work<\/h2><p class=\"fg-text-dark ffb-paragraph-2\">We build the real value<\/p><\/section><section class=\"ffb-id-3i20op37 ff-portfolio-columns-js theme-portfolio portfolio-classic-1 ff-gallery-based-on-portfolio fg-el-has-bg fg-temp-height fg-text-dark\" data-settings=\"{&quot;portfolio-type&quot;:&quot;grid&quot;,&quot;columns-lg&quot;:&quot;3&quot;,&quot;columns-md&quot;:&quot;3&quot;,&quot;columns-sm&quot;:&quot;2&quot;,&quot;columns-xs&quot;:&quot;1&quot;,&quot;vertical-gap&quot;:30,&quot;horizontal-gap&quot;:30,&quot;default-filter&quot;:&quot;*&quot;,&quot;lightbox-counter&quot;:&quot;{{current}} of {{total}}&quot;,&quot;points-to&quot;:&quot;cbp-lightbox&quot;,&quot;portfolio-animation&quot;:&quot;bottomToTop&quot;,&quot;display-type-speed&quot;:&quot;250&quot;,&quot;lightbox-gallery&quot;:true}\" data-fg-force-min-height=\"{&quot;breakpoint_1&quot;:{&quot;height&quot;:&quot;&quot;,&quot;offset&quot;:&quot;&quot;},&quot;breakpoint_2&quot;:{&quot;height&quot;:&quot;&quot;,&quot;offset&quot;:&quot;&quot;},&quot;breakpoint_3&quot;:{&quot;height&quot;:&quot;&quot;,&quot;offset&quot;:&quot;&quot;},&quot;breakpoint_4&quot;:{&quot;height&quot;:&quot;&quot;,&quot;offset&quot;:&quot;&quot;}}\" ><span class=\"fg-bg\"><span data-fg-bg=\"{&quot;type&quot;:&quot;color&quot;,&quot;opacity&quot;:1,&quot;color&quot;:&quot;#f7f8fa&quot;}\" class=\"fg-bg-layer fg-bg-type-color \" style=\"opacity: 1; background-color: #f7f8fa;\"><\/span><span data-fg-bg=\"{&quot;type&quot;:&quot;gradient&quot;,&quot;gradient&quot;:&quot;&quot;,&quot;opacity&quot;:1}\" class=\"fg-bg-layer fg-bg-type-gradient \" style=\"opacity: 1; \"><\/span><span data-fg-bg=\"{&quot;type&quot;:&quot;image&quot;,&quot;opacity&quot;:1,&quot;url&quot;:&quot;&quot;,&quot;size&quot;:&quot;cover&quot;,&quot;repeat&quot;:&quot;no-repeat&quot;,&quot;attachment&quot;:&quot;scroll&quot;,&quot;position&quot;:&quot;center center&quot;}\" class=\"fg-bg-layer fg-bg-type-image \" style=\"opacity: 1; background-image: url(&quot;&quot;); background-repeat: no-repeat; background-attachment: scroll; background-position: center center; background-size: cover;\"><\/span><span data-fg-bg=\"{&quot;type&quot;:&quot;video&quot;,&quot;opacity&quot;:1,&quot;variant&quot;:&quot;youtube&quot;,&quot;url&quot;:&quot;&quot;,&quot;width&quot;:16,&quot;height&quot;:9,&quot;shield&quot;:&quot;on&quot;}\" class=\"fg-bg-layer fg-bg-type-video \" data-freshgrid=\"{&quot;type&quot;:&quot;video&quot;,&quot;opacity&quot;:1,&quot;variant&quot;:&quot;youtube&quot;,&quot;url&quot;:&quot;&quot;,&quot;width&quot;:16,&quot;height&quot;:9,&quot;shield&quot;:&quot;on&quot;}\"><\/span><span data-fg-bg=\"{&quot;type&quot;:&quot;slant&quot;,&quot;opacity&quot;:1,&quot;color&quot;:&quot;#ffffff&quot;,&quot;edge&quot;:&quot;top&quot;,&quot;direction&quot;:&quot;up&quot;,&quot;angle&quot;:15}\" class=\"fg-bg-layer fg-bg-type-slant \" style=\"opacity: 1\"><\/span><span data-fg-bg=\"{&quot;type&quot;:&quot;parallax&quot;,&quot;url&quot;:&quot;&quot;,&quot;opacity&quot;:1,&quot;width&quot;:&quot;&quot;,&quot;height&quot;:&quot;&quot;,&quot;speed&quot;:50,&quot;size&quot;:&quot;cover&quot;,&quot;offset_h&quot;:50,&quot;offset_v&quot;:50}\" class=\"fg-bg-layer fg-bg-type-parallax \" style=\"opacity: 1; background-image: url(&quot;&quot;);\"><\/span><\/span><div class=\"ff-portfolio-grid-wrapper\"><div class=\"ff-portfolio-grid cbp\"><\/div><\/div><\/section><\/div><\/div><\/div><\/section><style>.ffb-id-3i20op32{ padding-top: 50px;}@media (min-width:768px) { .ffb-id-3i20op32{ padding-top: 100px;}}@media (min-width:992px) { .ffb-id-3i20op32{ padding-top: 200px;}}ffb-id-3i20op33{ margin-top: ;margin-right: ;margin-bottom: ;margin-left: ;padding-top: ;padding-right: ;padding-bottom: ;padding-left: ;}@media (min-width:768px) { ffb-id-3i20op33{ margin-top: ;margin-right: ;margin-bottom: ;margin-left: ;padding-top: ;padding-right: ;padding-bottom: ;padding-left: ;}}@media (min-width:992px) { ffb-id-3i20op33{ margin-top: ;margin-right: ;margin-bottom: ;margin-left: ;padding-top: ;padding-right: ;padding-bottom: ;padding-left: ;}}@media (min-width:1200px) { ffb-id-3i20op33{ margin-top: ;margin-right: ;margin-bottom: ;margin-left: ;padding-top: ;padding-right: ;padding-bottom: ;padding-left: ;}}ffb-id-3i20op33{ border-all: 1px solid rgba(128,128,128,0.4) !important;}ffb-id-3i20op33{ box-shadow: 0px 3px 5px 0px rgba(0,0,0,0.18);}ffb-id-3i20op33{ border-radius:     !important;}{ border: 10px solid red !important;}ffb-id-3i20op37 .ff-lightbox-icon{ background-color: #ffffff !important;}ffb-id-3i20op37 .ff-lightbox-icon:hover{ background-color: #000000 !important;}ffb-id-3i20op37 .cbp-item .cbp-item-wrapper{ background-color: #ffffff;}ffb-id-3i20op37 .cbp-item .cbp-item-wrapper{ box-shadow: 0 2px 5px 3px #eff1f8;}ffb-id-3i20op37 .cbp-item:hover .theme-portfolio-active-wrap:before{ background-color: #ff3300;}ffb-id-3i20op37{ margin-top: ;margin-right: ;margin-bottom: ;margin-left: ;padding-top: ;padding-right: ;padding-bottom: ;padding-left: ;}@media (min-width:768px) { ffb-id-3i20op37{ margin-top: ;margin-right: ;margin-bottom: ;margin-left: ;padding-top: ;padding-right: ;padding-bottom: ;padding-left: ;}}@media (min-width:992px) { ffb-id-3i20op37{ margin-top: ;margin-right: ;margin-bottom: ;margin-left: ;padding-top: ;padding-right: ;padding-bottom: ;padding-left: ;}}@media (min-width:1200px) { ffb-id-3i20op37{ margin-top: ;margin-right: ;margin-bottom: ;margin-left: ;padding-top: ;padding-right: ;padding-bottom: ;padding-left: ;}}ffb-id-3i20op37{ border-all: 1px solid rgba(128,128,128,0.4) !important;}ffb-id-3i20op37{ box-shadow: 0px 3px 5px 0px rgba(0,0,0,0.18);}ffb-id-3i20op37{ border-radius:     !important;}{ border: 10px solid red !important;}<\/style><script type=\"text\/javascript\">(function($){\njQuery(document).ready(function($) { \n$('ffb-id-3i20op33').css('background','red');\n});\n\n})(jQuery);\n(function($){\njQuery(document).ready(function($) { \n$('ffb-id-3i20op37').css('background','red');\n});\n\n})(jQuery);\n<\/script><style>.ffb-id-3i20op32{ \npadding-top: 50px;\n\n}\n@media (min-width:768px) { \n.ffb-id-3i20op32{ \npadding-top: 100px;\n\n}\n}@media (min-width:992px) { \n.ffb-id-3i20op32{ \npadding-top: 200px;\n\n}\n}ffb-id-3i20op33{ \nmargin-top: ;\nmargin-right: ;\nmargin-bottom: ;\nmargin-left: ;\npadding-top: ;\npadding-right: ;\npadding-bottom: ;\npadding-left: ;\n\n}\n@media (min-width:768px) { \nffb-id-3i20op33{ \nmargin-top: ;\nmargin-right: ;\nmargin-bottom: ;\nmargin-left: ;\npadding-top: ;\npadding-right: ;\npadding-bottom: ;\npadding-left: ;\n\n}\n}@media (min-width:992px) { \nffb-id-3i20op33{ \nmargin-top: ;\nmargin-right: ;\nmargin-bottom: ;\nmargin-left: ;\npadding-top: ;\npadding-right: ;\npadding-bottom: ;\npadding-left: ;\n\n}\n}@media (min-width:1200px) { \nffb-id-3i20op33{ \nmargin-top: ;\nmargin-right: ;\nmargin-bottom: ;\nmargin-left: ;\npadding-top: ;\npadding-right: ;\npadding-bottom: ;\npadding-left: ;\n\n}\n}ffb-id-3i20op33{ \nborder-all: 1px solid rgba(128,128,128,0.4) !important;\n\n}\nffb-id-3i20op33{ \nbox-shadow: 0px 3px 5px 0px rgba(0,0,0,0.18);\n\n}\nffb-id-3i20op33{ \nborder-radius:     !important;\n}\n{ \nborder: 10px solid red !important;\n}\nffb-id-3i20op37 .ff-lightbox-icon{ \nbackground-color: #ffffff !important;\n}\nffb-id-3i20op37 .ff-lightbox-icon:hover{ \nbackground-color: #000000 !important;\n}\nffb-id-3i20op37 .cbp-item .cbp-item-wrapper{ \nbackground-color: #ffffff;\n}\nffb-id-3i20op37 .cbp-item .cbp-item-wrapper{ \nbox-shadow: 0 2px 5px 3px #eff1f8;\n}\nffb-id-3i20op37 .cbp-item:hover .theme-portfolio-active-wrap:before{ \nbackground-color: #ff3300;\n}\nffb-id-3i20op37{ \nmargin-top: ;\nmargin-right: ;\nmargin-bottom: ;\nmargin-left: ;\npadding-top: ;\npadding-right: ;\npadding-bottom: ;\npadding-left: ;\n\n}\n@media (min-width:768px) { \nffb-id-3i20op37{ \nmargin-top: ;\nmargin-right: ;\nmargin-bottom: ;\nmargin-left: ;\npadding-top: ;\npadding-right: ;\npadding-bottom: ;\npadding-left: ;\n\n}\n}@media (min-width:992px) { \nffb-id-3i20op37{ \nmargin-top: ;\nmargin-right: ;\nmargin-bottom: ;\nmargin-left: ;\npadding-top: ;\npadding-right: ;\npadding-bottom: ;\npadding-left: ;\n\n}\n}@media (min-width:1200px) { \nffb-id-3i20op37{ \nmargin-top: ;\nmargin-right: ;\nmargin-bottom: ;\nmargin-left: ;\npadding-top: ;\npadding-right: ;\npadding-bottom: ;\npadding-left: ;\n\n}\n}ffb-id-3i20op37{ \nborder-all: 1px solid rgba(128,128,128,0.4) !important;\n\n}\nffb-id-3i20op37{ \nbox-shadow: 0px 3px 5px 0px rgba(0,0,0,0.18);\n\n}\nffb-id-3i20op37{ \nborder-radius:     !important;\n}\n{ \nborder: 10px solid red !important;\n}\n<\/style><script type=\"text\/javascript\">(function($){\njQuery(document).ready(function($) { \n$('ffb-id-3i20op33').css('background','red');\n});\n\n})(jQuery);\n(function($){\njQuery(document).ready(function($) { \n$('ffb-id-3i20op37').css('background','red');\n});\n\n})(jQuery);\n<\/script><\/p>\n","protected":false},"excerpt":{"rendered":"","protected":false},"author":1,"featured_media":0,"parent":0,"menu_order":0,"comment_status":"closed","ping_status":"closed","template":"","meta":[],"yoast_head":"<!-- This site is optimized with the Yoast SEO plugin v19.9 - https:\/\/yoast.com\/wordpress\/plugins\/seo\/ -->\n<title>Impressions - Kallweit Trockentauchanz\u00fcge<\/title>\n<meta name=\"robots\" content=\"index, follow, max-snippet:-1, max-image-preview:large, max-video-preview:-1\" \/>\n<link rel=\"canonical\" href=\"https:\/\/www.kallweit.de\/tech\/impressions\/?lang=en\" \/>\n<meta property=\"og:locale\" content=\"de_DE\" \/>\n<meta property=\"og:type\" content=\"article\" \/>\n<meta property=\"og:title\" content=\"Impressions - Kallweit Trockentauchanz\u00fcge\" \/>\n<meta property=\"og:url\" content=\"https:\/\/www.kallweit.de\/tech\/impressions\/?lang=en\" \/>\n<meta property=\"og:site_name\" content=\"Kallweit Trockentauchanz\u00fcge\" \/>\n<meta property=\"article:modified_time\" content=\"2019-11-18T12:42:13+00:00\" \/>\n<meta name=\"twitter:card\" content=\"summary_large_image\" \/>\n<meta name=\"twitter:label1\" content=\"Gesch\u00e4tzte Lesezeit\" \/>\n\t<meta name=\"twitter:data1\" content=\"17\u00a0Minuten\" \/>\n<script type=\"application\/ld+json\" class=\"yoast-schema-graph\">{\"@context\":\"https:\/\/schema.org\",\"@graph\":[{\"@type\":\"WebPage\",\"@id\":\"https:\/\/www.kallweit.de\/tech\/impressions\/?lang=en\",\"url\":\"https:\/\/www.kallweit.de\/tech\/impressions\/?lang=en\",\"name\":\"Impressions - Kallweit Trockentauchanz\u00fcge\",\"isPartOf\":{\"@id\":\"https:\/\/www.kallweit.de\/tech\/#website\"},\"datePublished\":\"2019-03-23T21:57:34+00:00\",\"dateModified\":\"2019-11-18T12:42:13+00:00\",\"breadcrumb\":{\"@id\":\"https:\/\/www.kallweit.de\/tech\/impressions\/?lang=en#breadcrumb\"},\"inLanguage\":\"de\",\"potentialAction\":[{\"@type\":\"ReadAction\",\"target\":[\"https:\/\/www.kallweit.de\/tech\/impressions\/?lang=en\"]}]},{\"@type\":\"BreadcrumbList\",\"@id\":\"https:\/\/www.kallweit.de\/tech\/impressions\/?lang=en#breadcrumb\",\"itemListElement\":[{\"@type\":\"ListItem\",\"position\":1,\"name\":\"Startseite\",\"item\":\"https:\/\/www.kallweit.de\/tech\/\"},{\"@type\":\"ListItem\",\"position\":2,\"name\":\"Impressions\"}]},{\"@type\":\"WebSite\",\"@id\":\"https:\/\/www.kallweit.de\/tech\/#website\",\"url\":\"https:\/\/www.kallweit.de\/tech\/\",\"name\":\"Kallweit Trockentauchanz\u00fcge\",\"description\":\"Ma\u00dfgeschneiderte, Tech und Sport Trockentauchanz\u00fcge\",\"publisher\":{\"@id\":\"https:\/\/www.kallweit.de\/tech\/#organization\"},\"potentialAction\":[{\"@type\":\"SearchAction\",\"target\":{\"@type\":\"EntryPoint\",\"urlTemplate\":\"https:\/\/www.kallweit.de\/tech\/?s={search_term_string}\"},\"query-input\":\"required name=search_term_string\"}],\"inLanguage\":\"de\"},{\"@type\":\"Organization\",\"@id\":\"https:\/\/www.kallweit.de\/tech\/#organization\",\"name\":\"Kallweit GmbH\",\"url\":\"https:\/\/www.kallweit.de\/tech\/\",\"logo\":{\"@type\":\"ImageObject\",\"inLanguage\":\"de\",\"@id\":\"https:\/\/www.kallweit.de\/tech\/#\/schema\/logo\/image\/\",\"url\":\"https:\/\/www.kallweit.de\/tech\/wp-content\/uploads\/2019\/07\/Logo-Kallweit_2013.png\",\"contentUrl\":\"https:\/\/www.kallweit.de\/tech\/wp-content\/uploads\/2019\/07\/Logo-Kallweit_2013.png\",\"width\":800,\"height\":178,\"caption\":\"Kallweit GmbH\"},\"image\":{\"@id\":\"https:\/\/www.kallweit.de\/tech\/#\/schema\/logo\/image\/\"}}]}<\/script>\n<!-- \/ Yoast SEO plugin. -->","yoast_head_json":{"title":"Impressions - Kallweit Trockentauchanz\u00fcge","robots":{"index":"index","follow":"follow","max-snippet":"max-snippet:-1","max-image-preview":"max-image-preview:large","max-video-preview":"max-video-preview:-1"},"canonical":"https:\/\/www.kallweit.de\/tech\/impressions\/?lang=en","og_locale":"de_DE","og_type":"article","og_title":"Impressions - Kallweit Trockentauchanz\u00fcge","og_url":"https:\/\/www.kallweit.de\/tech\/impressions\/?lang=en","og_site_name":"Kallweit Trockentauchanz\u00fcge","article_modified_time":"2019-11-18T12:42:13+00:00","twitter_card":"summary_large_image","twitter_misc":{"Gesch\u00e4tzte Lesezeit":"17\u00a0Minuten"},"schema":{"@context":"https:\/\/schema.org","@graph":[{"@type":"WebPage","@id":"https:\/\/www.kallweit.de\/tech\/impressions\/?lang=en","url":"https:\/\/www.kallweit.de\/tech\/impressions\/?lang=en","name":"Impressions - Kallweit Trockentauchanz\u00fcge","isPartOf":{"@id":"https:\/\/www.kallweit.de\/tech\/#website"},"datePublished":"2019-03-23T21:57:34+00:00","dateModified":"2019-11-18T12:42:13+00:00","breadcrumb":{"@id":"https:\/\/www.kallweit.de\/tech\/impressions\/?lang=en#breadcrumb"},"inLanguage":"de","potentialAction":[{"@type":"ReadAction","target":["https:\/\/www.kallweit.de\/tech\/impressions\/?lang=en"]}]},{"@type":"BreadcrumbList","@id":"https:\/\/www.kallweit.de\/tech\/impressions\/?lang=en#breadcrumb","itemListElement":[{"@type":"ListItem","position":1,"name":"Startseite","item":"https:\/\/www.kallweit.de\/tech\/"},{"@type":"ListItem","position":2,"name":"Impressions"}]},{"@type":"WebSite","@id":"https:\/\/www.kallweit.de\/tech\/#website","url":"https:\/\/www.kallweit.de\/tech\/","name":"Kallweit Trockentauchanz\u00fcge","description":"Ma\u00dfgeschneiderte, Tech und Sport Trockentauchanz\u00fcge","publisher":{"@id":"https:\/\/www.kallweit.de\/tech\/#organization"},"potentialAction":[{"@type":"SearchAction","target":{"@type":"EntryPoint","urlTemplate":"https:\/\/www.kallweit.de\/tech\/?s={search_term_string}"},"query-input":"required name=search_term_string"}],"inLanguage":"de"},{"@type":"Organization","@id":"https:\/\/www.kallweit.de\/tech\/#organization","name":"Kallweit GmbH","url":"https:\/\/www.kallweit.de\/tech\/","logo":{"@type":"ImageObject","inLanguage":"de","@id":"https:\/\/www.kallweit.de\/tech\/#\/schema\/logo\/image\/","url":"https:\/\/www.kallweit.de\/tech\/wp-content\/uploads\/2019\/07\/Logo-Kallweit_2013.png","contentUrl":"https:\/\/www.kallweit.de\/tech\/wp-content\/uploads\/2019\/07\/Logo-Kallweit_2013.png","width":800,"height":178,"caption":"Kallweit GmbH"},"image":{"@id":"https:\/\/www.kallweit.de\/tech\/#\/schema\/logo\/image\/"}}]}},"_links":{"self":[{"href":"https:\/\/www.kallweit.de\/tech\/wp-json\/wp\/v2\/pages\/4994"}],"collection":[{"href":"https:\/\/www.kallweit.de\/tech\/wp-json\/wp\/v2\/pages"}],"about":[{"href":"https:\/\/www.kallweit.de\/tech\/wp-json\/wp\/v2\/types\/page"}],"author":[{"embeddable":true,"href":"https:\/\/www.kallweit.de\/tech\/wp-json\/wp\/v2\/users\/1"}],"replies":[{"embeddable":true,"href":"https:\/\/www.kallweit.de\/tech\/wp-json\/wp\/v2\/comments?post=4994"}],"version-history":[{"count":4,"href":"https:\/\/www.kallweit.de\/tech\/wp-json\/wp\/v2\/pages\/4994\/revisions"}],"predecessor-version":[{"id":5410,"href":"https:\/\/www.kallweit.de\/tech\/wp-json\/wp\/v2\/pages\/4994\/revisions\/5410"}],"wp:attachment":[{"href":"https:\/\/www.kallweit.de\/tech\/wp-json\/wp\/v2\/media?parent=4994"}],"curies":[{"name":"wp","href":"https:\/\/api.w.org\/{rel}","templated":true}]}}